{"id":1696,"date":"2023-10-20T15:59:38","date_gmt":"2023-10-20T15:59:38","guid":{"rendered":"https:\/\/metrilab.co\/home\/?page_id=1696"},"modified":"2023-12-04T20:43:32","modified_gmt":"2023-12-04T20:43:32","slug":"propiedades-de-los-sistemas-opticos","status":"publish","type":"page","link":"https:\/\/metrilab.co\/home\/propiedades-de-los-sistemas-opticos\/","title":{"rendered":"BRILL\u00d3METROS"},"content":{"rendered":"\n<div class=\"wp-block-group has-border-background-color has-background is-layout-constrained wp-container-core-group-is-layout-76ec704c wp-block-group-is-layout-constrained\" style=\"border-width:3px;border-radius:14px;min-height:0px;padding-right:2rem;padding-bottom:2rem;padding-left:2rem\">\n<h3 class=\"wp-block-heading has-text-align-center has-large-font-size\" style=\"margin-top:0;margin-right:0;margin-bottom:0;margin-left:0;padding-bottom:1.5rem\"><strong><strong>PROPIEDADES DE LOS SISTEMAS \u00d3PTICOS<\/strong><\/strong><\/h3>\n\n\n\n<figure class=\"wp-block-table\"><table><tbody><tr><td colspan=\"4\">Brill\u00f3metros con capacidad de medida en \u00e1ngulos de 20\u00b0, 60\u00b0 y 85\u00b0<\/td><\/tr><tr><td>Propiedades de los sistemas<br>\u00f3pticos (atenuaci\u00f3n \u00f3ptica,<br>longitud de onda, potencia<br>\u00f3ptica)<\/td><td>20\u00b0: 43.7 UB \u2264 Vm \u2264 93.3\u00b0 UB\u00b9<\/td><td>20\u00b0: 0,18 UB\u00b9<\/td><td>ASTM D523-14 (Reapproved 2018) Numeral 9<\/td><\/tr><tr><td>Propiedades de los sistemas<br>\u00f3pticos (atenuaci\u00f3n \u00f3ptica,<br>longitud de onda, potencia<br>\u00f3ptica)<\/td><td>60\u00b0: 47,1 UB \u2264 Vm \u2264 95,3 UB UB\u00b9<\/td><td>60\u00b0: 0,16 UB\u00b9<\/td><td>ASTM D523-14 (Reapproved 2018) Numeral 9<\/td><\/tr><tr><td>Propiedades de los sistemas<br>\u00f3pticos (atenuaci\u00f3n \u00f3ptica,<br>longitud de onda, potencia<br>\u00f3ptica)<\/td><td>85\u00b0: 19,4 UB \u2264 Vm \u2264 99,6 UB UB\u00b9<\/td><td>85\u00b0: 0,24 UB\u00b9<\/td><td>ASTM D523-14 (Reapproved 2018) Numeral 9<\/td><\/tr><tr><td colspan=\"4\">Brill\u00f3metros con capacidad de medida en \u00e1ngulo de 45\u00b0<\/td><\/tr><tr><td>Propiedades de los sistemas<br>\u00f3pticos (atenuaci\u00f3n \u00f3ptica,<br>longitud de onda, potencia<br>\u00f3ptica)<\/td><td>Bajo Brillo 45\u00b0: 18,4 UB\u00b9 Alto Brillo 45\u00b0: 54,9 UB\u00b9<\/td><td>0,65 UB\u00b9<\/td><td>ASTM C346-87 (Reproved 2018) Numeral 8<\/td><\/tr><\/tbody><\/table><\/figure>\n<\/div>\n","protected":false},"excerpt":{"rendered":"<p>PROPIEDADES DE LOS SISTEMAS \u00d3PTICOS Brill\u00f3metros con capacidad de medida en \u00e1ngulos de 20\u00b0, 60\u00b0 y 85\u00b0 Propiedades de los sistemas\u00f3pticos (atenuaci\u00f3n \u00f3ptica,longitud de onda,&hellip;<\/p>\n","protected":false},"author":1,"featured_media":1759,"parent":0,"menu_order":0,"comment_status":"closed","ping_status":"closed","template":"","meta":{"_themeisle_gutenberg_block_has_review":false,"footnotes":""},"class_list":["post-1696","page","type-page","status-publish","has-post-thumbnail","hentry"],"_links":{"self":[{"href":"https:\/\/metrilab.co\/home\/wp-json\/wp\/v2\/pages\/1696","targetHints":{"allow":["GET"]}}],"collection":[{"href":"https:\/\/metrilab.co\/home\/wp-json\/wp\/v2\/pages"}],"about":[{"href":"https:\/\/metrilab.co\/home\/wp-json\/wp\/v2\/types\/page"}],"author":[{"embeddable":true,"href":"https:\/\/metrilab.co\/home\/wp-json\/wp\/v2\/users\/1"}],"replies":[{"embeddable":true,"href":"https:\/\/metrilab.co\/home\/wp-json\/wp\/v2\/comments?post=1696"}],"version-history":[{"count":3,"href":"https:\/\/metrilab.co\/home\/wp-json\/wp\/v2\/pages\/1696\/revisions"}],"predecessor-version":[{"id":1766,"href":"https:\/\/metrilab.co\/home\/wp-json\/wp\/v2\/pages\/1696\/revisions\/1766"}],"wp:featuredmedia":[{"embeddable":true,"href":"https:\/\/metrilab.co\/home\/wp-json\/wp\/v2\/media\/1759"}],"wp:attachment":[{"href":"https:\/\/metrilab.co\/home\/wp-json\/wp\/v2\/media?parent=1696"}],"curies":[{"name":"wp","href":"https:\/\/api.w.org\/{rel}","templated":true}]}}