{"id":1717,"date":"2023-10-20T16:18:06","date_gmt":"2023-10-20T16:18:06","guid":{"rendered":"https:\/\/metrilab.co\/home\/?page_id=1717"},"modified":"2023-10-20T16:18:50","modified_gmt":"2023-10-20T16:18:50","slug":"turbidimetria","status":"publish","type":"page","link":"https:\/\/metrilab.co\/home\/turbidimetria\/","title":{"rendered":"Turbidimetr\u00eda"},"content":{"rendered":"\n<div class=\"wp-block-group has-border-background-color has-background is-layout-constrained wp-container-core-group-is-layout-76ec704c wp-block-group-is-layout-constrained\" style=\"border-width:3px;border-radius:14px;min-height:0px;padding-right:2rem;padding-bottom:2rem;padding-left:2rem\">\n<h3 class=\"wp-block-heading has-text-align-center has-large-font-size\" style=\"margin-top:0;margin-right:0;margin-bottom:0;margin-left:0;padding-bottom:1.5rem\"><strong><strong><strong>Turbidimetr\u00eda<\/strong><\/strong><\/strong><\/h3>\n\n\n\n<figure class=\"wp-block-table\"><table><tbody><tr><td colspan=\"4\">Medidores de turbidez<\/td><\/tr><tr><td>Turbidimetr\u00eda<\/td><td>0,5 NTU<br>2 NTU<br>40 NTU<br>100 NTU<br>1000 NTU<\/td><td>0,011 NTU<br>0,046 NTU<br>0,62 NTU<br>1,5 NTU<br>15 NTU<\/td><td>Porcedimiento interno validado CSS<br>P05 I-19 INS. CALIBRACI\u00d3N DE<br>TURB\u00cdDIMETRO<br>Versi\u00f3n 1 de 2022-06-30<\/td><\/tr><\/tbody><\/table><\/figure>\n<\/div>\n","protected":false},"excerpt":{"rendered":"<p>Turbidimetr\u00eda Medidores de turbidez Turbidimetr\u00eda 0,5 NTU2 NTU40 NTU100 NTU1000 NTU 0,011 NTU0,046 NTU0,62 NTU1,5 NTU15 NTU Porcedimiento interno validado CSSP05 I-19 INS. CALIBRACI\u00d3N DETURB\u00cdDIMETROVersi\u00f3n&hellip;<\/p>\n","protected":false},"author":1,"featured_media":1705,"parent":0,"menu_order":0,"comment_status":"closed","ping_status":"closed","template":"","meta":{"_themeisle_gutenberg_block_has_review":false,"footnotes":""},"class_list":["post-1717","page","type-page","status-publish","has-post-thumbnail","hentry"],"_links":{"self":[{"href":"https:\/\/metrilab.co\/home\/wp-json\/wp\/v2\/pages\/1717","targetHints":{"allow":["GET"]}}],"collection":[{"href":"https:\/\/metrilab.co\/home\/wp-json\/wp\/v2\/pages"}],"about":[{"href":"https:\/\/metrilab.co\/home\/wp-json\/wp\/v2\/types\/page"}],"author":[{"embeddable":true,"href":"https:\/\/metrilab.co\/home\/wp-json\/wp\/v2\/users\/1"}],"replies":[{"embeddable":true,"href":"https:\/\/metrilab.co\/home\/wp-json\/wp\/v2\/comments?post=1717"}],"version-history":[{"count":2,"href":"https:\/\/metrilab.co\/home\/wp-json\/wp\/v2\/pages\/1717\/revisions"}],"predecessor-version":[{"id":1719,"href":"https:\/\/metrilab.co\/home\/wp-json\/wp\/v2\/pages\/1717\/revisions\/1719"}],"wp:featuredmedia":[{"embeddable":true,"href":"https:\/\/metrilab.co\/home\/wp-json\/wp\/v2\/media\/1705"}],"wp:attachment":[{"href":"https:\/\/metrilab.co\/home\/wp-json\/wp\/v2\/media?parent=1717"}],"curies":[{"name":"wp","href":"https:\/\/api.w.org\/{rel}","templated":true}]}}