{"id":1720,"date":"2023-10-20T16:19:29","date_gmt":"2023-10-20T16:19:29","guid":{"rendered":"https:\/\/metrilab.co\/home\/?page_id=1720"},"modified":"2023-10-20T16:20:19","modified_gmt":"2023-10-20T16:20:19","slug":"conductividad","status":"publish","type":"page","link":"https:\/\/metrilab.co\/home\/conductividad\/","title":{"rendered":"Conductividad"},"content":{"rendered":"\n<div class=\"wp-block-group has-border-background-color has-background is-layout-constrained wp-container-core-group-is-layout-76ec704c wp-block-group-is-layout-constrained\" style=\"border-width:3px;border-radius:14px;min-height:0px;padding-right:2rem;padding-bottom:2rem;padding-left:2rem\">\n<h3 class=\"wp-block-heading has-text-align-center has-large-font-size\" style=\"margin-top:0;margin-right:0;margin-bottom:0;margin-left:0;padding-bottom:1.5rem\"><strong><strong><strong>Conductividad<\/strong><\/strong><\/strong><\/h3>\n\n\n\n<figure class=\"wp-block-table\"><table><tbody><tr><td colspan=\"4\">Medidor de conductividad &#8211;<br>Conductiv\u00edmetros<\/td><\/tr><tr><td>Conductividad<\/td><td>5 \u00b5S\/cm<br>147 \u00b5S\/cm<br>500 \u00b5S\/cm<br>1413 \u00b5S\/cm<br>10 000 \u00b5S\/cm<\/td><td>0,24 \u00b5S\/cm<br>1,0 \u00b5S\/cm<br>3,0 \u00b5S\/cm<br>6,0 \u00b5S\/cm<br>30 \u00b5S\/cm<\/td><td>MANUAL MU-QU-002 DE USO DE<br>CONDUCTIV\u00cdMETRO.<br>Edici\u00f3n digital 0<br>Centro Espa\u00f1ol de Metrolog\u00eda &#8211; CEM<\/td><\/tr><\/tbody><\/table><\/figure>\n<\/div>\n","protected":false},"excerpt":{"rendered":"<p>Conductividad Medidor de conductividad &#8211;Conductiv\u00edmetros Conductividad 5 \u00b5S\/cm147 \u00b5S\/cm500 \u00b5S\/cm1413 \u00b5S\/cm10 000 \u00b5S\/cm 0,24 \u00b5S\/cm1,0 \u00b5S\/cm3,0 \u00b5S\/cm6,0 \u00b5S\/cm30 \u00b5S\/cm MANUAL MU-QU-002 DE USO DECONDUCTIV\u00cdMETRO.Edici\u00f3n digital&hellip;<\/p>\n","protected":false},"author":1,"featured_media":1705,"parent":0,"menu_order":0,"comment_status":"closed","ping_status":"closed","template":"","meta":{"_themeisle_gutenberg_block_has_review":false,"footnotes":""},"class_list":["post-1720","page","type-page","status-publish","has-post-thumbnail","hentry"],"_links":{"self":[{"href":"https:\/\/metrilab.co\/home\/wp-json\/wp\/v2\/pages\/1720","targetHints":{"allow":["GET"]}}],"collection":[{"href":"https:\/\/metrilab.co\/home\/wp-json\/wp\/v2\/pages"}],"about":[{"href":"https:\/\/metrilab.co\/home\/wp-json\/wp\/v2\/types\/page"}],"author":[{"embeddable":true,"href":"https:\/\/metrilab.co\/home\/wp-json\/wp\/v2\/users\/1"}],"replies":[{"embeddable":true,"href":"https:\/\/metrilab.co\/home\/wp-json\/wp\/v2\/comments?post=1720"}],"version-history":[{"count":2,"href":"https:\/\/metrilab.co\/home\/wp-json\/wp\/v2\/pages\/1720\/revisions"}],"predecessor-version":[{"id":1722,"href":"https:\/\/metrilab.co\/home\/wp-json\/wp\/v2\/pages\/1720\/revisions\/1722"}],"wp:featuredmedia":[{"embeddable":true,"href":"https:\/\/metrilab.co\/home\/wp-json\/wp\/v2\/media\/1705"}],"wp:attachment":[{"href":"https:\/\/metrilab.co\/home\/wp-json\/wp\/v2\/media?parent=1720"}],"curies":[{"name":"wp","href":"https:\/\/api.w.org\/{rel}","templated":true}]}}