{"id":1723,"date":"2023-10-20T16:20:57","date_gmt":"2023-10-20T16:20:57","guid":{"rendered":"https:\/\/metrilab.co\/home\/?page_id=1723"},"modified":"2023-10-20T16:21:23","modified_gmt":"2023-10-20T16:21:23","slug":"potencial-de-hidrogeno","status":"publish","type":"page","link":"https:\/\/metrilab.co\/home\/potencial-de-hidrogeno\/","title":{"rendered":"Potencial de Hidr\u00f3geno"},"content":{"rendered":"\n<div class=\"wp-block-group has-border-background-color has-background is-layout-constrained wp-container-core-group-is-layout-76ec704c wp-block-group-is-layout-constrained\" style=\"border-width:3px;border-radius:14px;min-height:0px;padding-right:2rem;padding-bottom:2rem;padding-left:2rem\">\n<h3 class=\"wp-block-heading has-text-align-center has-large-font-size\" style=\"margin-top:0;margin-right:0;margin-bottom:0;margin-left:0;padding-bottom:1.5rem\"><strong><strong><strong>Potencial de Hidr\u00f3geno<\/strong><\/strong><\/strong><\/h3>\n\n\n\n<figure class=\"wp-block-table\"><table><tbody><tr><td colspan=\"4\">Medidor de pH &#8211; pHmetros<\/td><\/tr><tr><td>Potencial de Hidr\u00f3geno<\/td><td>2 pH<br>4 pH<br>7 pH<br>9 pH<br>10 pH<br>12 pH<\/td><td>0,020 pH<br>0,014 pH<br>0,014 pH<br>0,037 pH<br>0,030 pH<br>0,030 pH<\/td><td>PROCEDIMIENTO QU-003 PARA LA<br>CALIBRACI\u00d3N DE pHmetros<br>DIGITALES<br>Edici\u00f3n digital 1 de 2008<br>Centro Espa\u00f1ol de Metrolog\u00eda &#8211; CEM<\/td><\/tr><\/tbody><\/table><\/figure>\n<\/div>\n","protected":false},"excerpt":{"rendered":"<p>Potencial de Hidr\u00f3geno Medidor de pH &#8211; pHmetros Potencial de Hidr\u00f3geno 2 pH4 pH7 pH9 pH10 pH12 pH 0,020 pH0,014 pH0,014 pH0,037 pH0,030 pH0,030 pH&hellip;<\/p>\n","protected":false},"author":1,"featured_media":1706,"parent":0,"menu_order":0,"comment_status":"closed","ping_status":"closed","template":"","meta":{"_themeisle_gutenberg_block_has_review":false,"footnotes":""},"class_list":["post-1723","page","type-page","status-publish","has-post-thumbnail","hentry"],"_links":{"self":[{"href":"https:\/\/metrilab.co\/home\/wp-json\/wp\/v2\/pages\/1723","targetHints":{"allow":["GET"]}}],"collection":[{"href":"https:\/\/metrilab.co\/home\/wp-json\/wp\/v2\/pages"}],"about":[{"href":"https:\/\/metrilab.co\/home\/wp-json\/wp\/v2\/types\/page"}],"author":[{"embeddable":true,"href":"https:\/\/metrilab.co\/home\/wp-json\/wp\/v2\/users\/1"}],"replies":[{"embeddable":true,"href":"https:\/\/metrilab.co\/home\/wp-json\/wp\/v2\/comments?post=1723"}],"version-history":[{"count":2,"href":"https:\/\/metrilab.co\/home\/wp-json\/wp\/v2\/pages\/1723\/revisions"}],"predecessor-version":[{"id":1725,"href":"https:\/\/metrilab.co\/home\/wp-json\/wp\/v2\/pages\/1723\/revisions\/1725"}],"wp:featuredmedia":[{"embeddable":true,"href":"https:\/\/metrilab.co\/home\/wp-json\/wp\/v2\/media\/1706"}],"wp:attachment":[{"href":"https:\/\/metrilab.co\/home\/wp-json\/wp\/v2\/media?parent=1723"}],"curies":[{"name":"wp","href":"https:\/\/api.w.org\/{rel}","templated":true}]}}