{"id":1726,"date":"2023-10-20T16:21:59","date_gmt":"2023-10-20T16:21:59","guid":{"rendered":"https:\/\/metrilab.co\/home\/?page_id=1726"},"modified":"2025-05-05T16:45:03","modified_gmt":"2025-05-05T16:45:03","slug":"temperatura-de-color","status":"publish","type":"page","link":"https:\/\/metrilab.co\/home\/temperatura-de-color\/","title":{"rendered":"Temperatura de color"},"content":{"rendered":"\n<div class=\"wp-block-group has-border-background-color has-background is-layout-constrained wp-container-core-group-is-layout-76ec704c wp-block-group-is-layout-constrained\" style=\"border-width:3px;border-radius:14px;min-height:0px;padding-right:2rem;padding-bottom:2rem;padding-left:2rem\">\n<h3 class=\"wp-block-heading has-text-align-center has-large-font-size\" style=\"margin-top:0;margin-right:0;margin-bottom:0;margin-left:0;padding-bottom:1.5rem\"><strong>Temperatura de color<\/strong><\/h3>\n\n\n\n<figure class=\"wp-block-table\"><table><tbody><tr><td colspan=\"4\">Fuentes de iluminaci\u00f3n, faros<br>patr\u00f3n y cabinas de iluminaci\u00f3n<\/td><\/tr><tr><td>Temperatura de color.<\/td><td>2856 K \u2264 Vm \u2264 6500 K<\/td><td>53 K<\/td><td>CSS P05 I-03 INS. CALIBRACI\u00d3N FUENTES DE ILUMINACI\u00d3N Versi\u00f3n: 6 Fecha: 2023-05-30<\/td><\/tr><\/tbody><\/table><\/figure>\n<\/div>\n","protected":false},"excerpt":{"rendered":"<p>Temperatura de color Fuentes de iluminaci\u00f3n, farospatr\u00f3n y cabinas de iluminaci\u00f3n Temperatura de color. 2856 K \u2264 Vm \u2264 6500 K 53 K CSS P05&hellip;<\/p>\n","protected":false},"author":1,"featured_media":0,"parent":0,"menu_order":0,"comment_status":"closed","ping_status":"closed","template":"","meta":{"_themeisle_gutenberg_block_has_review":false,"footnotes":""},"class_list":["post-1726","page","type-page","status-publish","hentry"],"_links":{"self":[{"href":"https:\/\/metrilab.co\/home\/wp-json\/wp\/v2\/pages\/1726","targetHints":{"allow":["GET"]}}],"collection":[{"href":"https:\/\/metrilab.co\/home\/wp-json\/wp\/v2\/pages"}],"about":[{"href":"https:\/\/metrilab.co\/home\/wp-json\/wp\/v2\/types\/page"}],"author":[{"embeddable":true,"href":"https:\/\/metrilab.co\/home\/wp-json\/wp\/v2\/users\/1"}],"replies":[{"embeddable":true,"href":"https:\/\/metrilab.co\/home\/wp-json\/wp\/v2\/comments?post=1726"}],"version-history":[{"count":3,"href":"https:\/\/metrilab.co\/home\/wp-json\/wp\/v2\/pages\/1726\/revisions"}],"predecessor-version":[{"id":1933,"href":"https:\/\/metrilab.co\/home\/wp-json\/wp\/v2\/pages\/1726\/revisions\/1933"}],"wp:attachment":[{"href":"https:\/\/metrilab.co\/home\/wp-json\/wp\/v2\/media?parent=1726"}],"curies":[{"name":"wp","href":"https:\/\/api.w.org\/{rel}","templated":true}]}}