{"id":1729,"date":"2023-10-20T16:23:11","date_gmt":"2023-10-20T16:23:11","guid":{"rendered":"https:\/\/metrilab.co\/home\/?page_id=1729"},"modified":"2023-10-20T16:36:40","modified_gmt":"2023-10-20T16:36:40","slug":"fotometria-2","status":"publish","type":"page","link":"https:\/\/metrilab.co\/home\/fotometria-2\/","title":{"rendered":"Fotometr\u00eda"},"content":{"rendered":"\n<div class=\"wp-block-group has-border-background-color has-background is-layout-constrained wp-container-core-group-is-layout-76ec704c wp-block-group-is-layout-constrained\" style=\"border-width:3px;border-radius:14px;min-height:0px;padding-right:2rem;padding-bottom:2rem;padding-left:2rem\">\n<h3 class=\"wp-block-heading has-text-align-center has-large-font-size\" style=\"margin-top:0;margin-right:0;margin-bottom:0;margin-left:0;padding-bottom:1.5rem\"><strong><strong><strong>Fotometr\u00eda<\/strong><\/strong><\/strong><\/h3>\n\n\n\n<figure class=\"wp-block-table\"><table><tbody><tr><td colspan=\"4\">Fuentes de iluminaci\u00f3n, faros<br>patr\u00f3n y cabinas de iluminaci\u00f3n<\/td><\/tr><tr><td>Fotometr\u00eda<\/td><td>300,09 lx \u2264 E \u2264 99793,52 lx<\/td><td>31 lx<\/td><td>CSS P05 I-03 INS. CALIBRACI\u00d3N<br>FUENTES DE ILUMINACI\u00d3N<br>Versi\u00f3n: 6<br>Fecha: 2023-05-30<\/td><\/tr><\/tbody><\/table><\/figure>\n<\/div>\n","protected":false},"excerpt":{"rendered":"<p>Fotometr\u00eda Fuentes de iluminaci\u00f3n, farospatr\u00f3n y cabinas de iluminaci\u00f3n Fotometr\u00eda 300,09 lx \u2264 E \u2264 99793,52 lx 31 lx CSS P05 I-03 INS. CALIBRACI\u00d3NFUENTES DE&hellip;<\/p>\n","protected":false},"author":1,"featured_media":1705,"parent":0,"menu_order":0,"comment_status":"closed","ping_status":"closed","template":"","meta":{"_themeisle_gutenberg_block_has_review":false,"footnotes":""},"class_list":["post-1729","page","type-page","status-publish","has-post-thumbnail","hentry"],"_links":{"self":[{"href":"https:\/\/metrilab.co\/home\/wp-json\/wp\/v2\/pages\/1729","targetHints":{"allow":["GET"]}}],"collection":[{"href":"https:\/\/metrilab.co\/home\/wp-json\/wp\/v2\/pages"}],"about":[{"href":"https:\/\/metrilab.co\/home\/wp-json\/wp\/v2\/types\/page"}],"author":[{"embeddable":true,"href":"https:\/\/metrilab.co\/home\/wp-json\/wp\/v2\/users\/1"}],"replies":[{"embeddable":true,"href":"https:\/\/metrilab.co\/home\/wp-json\/wp\/v2\/comments?post=1729"}],"version-history":[{"count":2,"href":"https:\/\/metrilab.co\/home\/wp-json\/wp\/v2\/pages\/1729\/revisions"}],"predecessor-version":[{"id":1731,"href":"https:\/\/metrilab.co\/home\/wp-json\/wp\/v2\/pages\/1729\/revisions\/1731"}],"wp:featuredmedia":[{"embeddable":true,"href":"https:\/\/metrilab.co\/home\/wp-json\/wp\/v2\/media\/1705"}],"wp:attachment":[{"href":"https:\/\/metrilab.co\/home\/wp-json\/wp\/v2\/media?parent=1729"}],"curies":[{"name":"wp","href":"https:\/\/api.w.org\/{rel}","templated":true}]}}