{"id":936,"date":"2023-09-25T16:20:15","date_gmt":"2023-09-25T16:20:15","guid":{"rendered":"https:\/\/metrilab.co\/home\/?page_id=936"},"modified":"2025-11-13T19:06:54","modified_gmt":"2025-11-13T19:06:54","slug":"nosotros","status":"publish","type":"page","link":"https:\/\/metrilab.co\/home\/nosotros\/","title":{"rendered":"SOMOS METRILAB LTDA."},"content":{"rendered":"\n<p class=\"has-text-align-center\">En nuestro laboratorio de calibraci\u00f3n y ensayos, nos comprometemos a ofrecer servicios de la m\u00e1s alta calidad, garantizando resultados precisos y confiables en todo momento, lo que nos permite brindar soluciones a la medida de las necesidades de nuestros clientes.<\/p>\n\n\n\n<p class=\"has-text-align-center\">Estamos <strong>acreditados bajo la norma ISO\/IEC 17025:2017<\/strong>, lo que avala nuestra competencia t\u00e9cnica y nuestra capacidad para realizar calibraciones y ensayos con total fiabilidad. Esta acreditaci\u00f3n certifica que nuestros procesos y procedimientos cumplen con los m\u00e1s altos requisitos. Con un equipo de profesionales altamente calificado, garantizamos que cada servicio se realice con la mayor precisi\u00f3n, transparencia y compromiso con la calidad.<\/p>\n\n\n\n<div class=\"wp-block-columns is-layout-flex wp-container-core-columns-is-layout-28f84493 wp-block-columns-is-layout-flex\">\n<div class=\"wp-block-column is-layout-flow wp-block-column-is-layout-flow\">\n<figure class=\"wp-block-image alignfull size-large\"><img loading=\"lazy\" decoding=\"async\" width=\"724\" height=\"1024\" src=\"https:\/\/metrilab.co\/home\/wp-content\/uploads\/2025\/11\/1-3-724x1024.jpg\" alt=\"\" class=\"wp-image-1972\" srcset=\"https:\/\/metrilab.co\/home\/wp-content\/uploads\/2025\/11\/1-3-724x1024.jpg 724w, https:\/\/metrilab.co\/home\/wp-content\/uploads\/2025\/11\/1-3-212x300.jpg 212w, https:\/\/metrilab.co\/home\/wp-content\/uploads\/2025\/11\/1-3-768x1086.jpg 768w, https:\/\/metrilab.co\/home\/wp-content\/uploads\/2025\/11\/1-3-1086x1536.jpg 1086w, https:\/\/metrilab.co\/home\/wp-content\/uploads\/2025\/11\/1-3.jpg 1414w\" sizes=\"auto, (max-width: 724px) 100vw, 724px\" \/><\/figure>\n\n\n\n<figure class=\"wp-block-image alignfull size-large\"><img loading=\"lazy\" decoding=\"async\" width=\"724\" height=\"1024\" src=\"https:\/\/metrilab.co\/home\/wp-content\/uploads\/2025\/11\/3-3-724x1024.jpg\" alt=\"\" class=\"wp-image-1974\" srcset=\"https:\/\/metrilab.co\/home\/wp-content\/uploads\/2025\/11\/3-3-724x1024.jpg 724w, https:\/\/metrilab.co\/home\/wp-content\/uploads\/2025\/11\/3-3-212x300.jpg 212w, https:\/\/metrilab.co\/home\/wp-content\/uploads\/2025\/11\/3-3-768x1086.jpg 768w, https:\/\/metrilab.co\/home\/wp-content\/uploads\/2025\/11\/3-3-1086x1536.jpg 1086w, https:\/\/metrilab.co\/home\/wp-content\/uploads\/2025\/11\/3-3.jpg 1414w\" sizes=\"auto, (max-width: 724px) 100vw, 724px\" \/><\/figure>\n<\/div>\n\n\n\n<div class=\"wp-block-column is-layout-flow wp-block-column-is-layout-flow\">\n<div class=\"wp-block-columns is-layout-flex wp-container-core-columns-is-layout-28f84493 wp-block-columns-is-layout-flex\">\n<div class=\"wp-block-column is-layout-flow wp-block-column-is-layout-flow\" style=\"flex-basis:100%\">\n<figure class=\"wp-block-image alignwide size-large\"><img loading=\"lazy\" decoding=\"async\" width=\"724\" height=\"1024\" src=\"https:\/\/metrilab.co\/home\/wp-content\/uploads\/2025\/11\/2-3-724x1024.jpg\" alt=\"\" class=\"wp-image-1973\" srcset=\"https:\/\/metrilab.co\/home\/wp-content\/uploads\/2025\/11\/2-3-724x1024.jpg 724w, https:\/\/metrilab.co\/home\/wp-content\/uploads\/2025\/11\/2-3-212x300.jpg 212w, https:\/\/metrilab.co\/home\/wp-content\/uploads\/2025\/11\/2-3-768x1086.jpg 768w, https:\/\/metrilab.co\/home\/wp-content\/uploads\/2025\/11\/2-3-1086x1536.jpg 1086w, https:\/\/metrilab.co\/home\/wp-content\/uploads\/2025\/11\/2-3.jpg 1414w\" sizes=\"auto, (max-width: 724px) 100vw, 724px\" \/><\/figure>\n\n\n\n<figure class=\"wp-block-image alignwide size-large\"><img loading=\"lazy\" decoding=\"async\" width=\"724\" height=\"1024\" src=\"https:\/\/metrilab.co\/home\/wp-content\/uploads\/2025\/11\/4-3-724x1024.jpg\" alt=\"\" class=\"wp-image-1975\" srcset=\"https:\/\/metrilab.co\/home\/wp-content\/uploads\/2025\/11\/4-3-724x1024.jpg 724w, https:\/\/metrilab.co\/home\/wp-content\/uploads\/2025\/11\/4-3-212x300.jpg 212w, https:\/\/metrilab.co\/home\/wp-content\/uploads\/2025\/11\/4-3-768x1086.jpg 768w, https:\/\/metrilab.co\/home\/wp-content\/uploads\/2025\/11\/4-3-1086x1536.jpg 1086w, https:\/\/metrilab.co\/home\/wp-content\/uploads\/2025\/11\/4-3.jpg 1414w\" sizes=\"auto, (max-width: 724px) 100vw, 724px\" \/><\/figure>\n<\/div>\n<\/div>\n<\/div>\n<\/div>\n\n\n\n<details class=\"wp-block-details is-layout-flow wp-block-details-is-layout-flow\"><summary><\/summary>\n<div class=\"wp-block-columns are-vertically-aligned-bottom is-layout-flex wp-container-core-columns-is-layout-28f84493 wp-block-columns-is-layout-flex\">\n<div class=\"wp-block-column is-vertically-aligned-bottom is-layout-flow wp-block-column-is-layout-flow\" style=\"flex-basis:100%\"><\/div>\n<\/div>\n<\/details>\n\n\n\n<p><\/p>\n\n\n\n<p class=\"has-system-font-family\"><\/p>\n\n\n\n<p class=\"has-system-font-family\"><\/p>\n\n\n\n<p><\/p>\n","protected":false},"excerpt":{"rendered":"<p>En nuestro laboratorio de calibraci\u00f3n y ensayos, nos comprometemos a ofrecer servicios de la m\u00e1s alta calidad, garantizando resultados precisos y confiables en todo momento,&hellip;<\/p>\n","protected":false},"author":1,"featured_media":0,"parent":0,"menu_order":0,"comment_status":"closed","ping_status":"closed","template":"","meta":{"_themeisle_gutenberg_block_has_review":false,"footnotes":""},"class_list":["post-936","page","type-page","status-publish","hentry"],"_links":{"self":[{"href":"https:\/\/metrilab.co\/home\/wp-json\/wp\/v2\/pages\/936","targetHints":{"allow":["GET"]}}],"collection":[{"href":"https:\/\/metrilab.co\/home\/wp-json\/wp\/v2\/pages"}],"about":[{"href":"https:\/\/metrilab.co\/home\/wp-json\/wp\/v2\/types\/page"}],"author":[{"embeddable":true,"href":"https:\/\/metrilab.co\/home\/wp-json\/wp\/v2\/users\/1"}],"replies":[{"embeddable":true,"href":"https:\/\/metrilab.co\/home\/wp-json\/wp\/v2\/comments?post=936"}],"version-history":[{"count":53,"href":"https:\/\/metrilab.co\/home\/wp-json\/wp\/v2\/pages\/936\/revisions"}],"predecessor-version":[{"id":1976,"href":"https:\/\/metrilab.co\/home\/wp-json\/wp\/v2\/pages\/936\/revisions\/1976"}],"wp:attachment":[{"href":"https:\/\/metrilab.co\/home\/wp-json\/wp\/v2\/media?parent=936"}],"curies":[{"name":"wp","href":"https:\/\/api.w.org\/{rel}","templated":true}]}}